{"id":323,"date":"2019-05-11T17:40:19","date_gmt":"2019-05-11T17:40:19","guid":{"rendered":"http:\/\/www.realitaeten-niederkofler.it\/?page_id=323"},"modified":"2023-07-17T07:32:36","modified_gmt":"2023-07-17T07:32:36","slug":"bauvorhaben-runggaditsch","status":"publish","type":"page","link":"https:\/\/www.realitaeten-niederkofler.it\/it\/bauvorhaben-runggaditsch\/","title":{"rendered":"Progetto Roncadizza"},"content":{"rendered":"\n<p>In diesem wundersch\u00f6nen Dorf im <strong>Gr\u00f6dnertal<\/strong> enstand dieses neue Kondominium mit einem gro\u00dfartigen Ausblick auf das Tal.<\/p>\n\n\n\n<p>Es entsteht in <strong>Zusammenarbeit<\/strong> mit dem <a rel=\"noreferrer noopener\" aria-label=\"Architekturb\u00fcro Niederkofler &amp; Pobitzer (\u00f6ffnet in neuem Tab)\" href=\"http:\/\/www.niederkofler-pobitzer.it\" target=\"_blank\">Architekturb\u00fcro Niederkofler &amp; Pobitzer<\/a> und der B. Pobitzer GmbH.<\/p>\n\n\n\n<p class=\"has-text-align-center\"><strong><strong>Die Wohnungen wurden alle verkauft und wir freuen uns diese 2023 den neuen Eigent\u00fcmern zu \u00fcbergeben.<\/strong><\/strong><\/p>\n\n\n\n<p>Sollten Sie an einer Immobilie in <strong><a href=\"http:\/\/www.realitaeten-niederkofler.it\/verkaufsplaene-ehrenburg\/\">Ehrenburg<\/a><\/strong> oder<strong> <a href=\"https:\/\/www.realitaeten-niederkofler.it\/verkaufsplaene-sexten\/\" data-type=\"post\" data-id=\"1015\">Sexten <\/a><\/strong>interessiert sein, oder irgendwelche Fragen haben bitte wenden Sie sich an uns.<\/p>\n\n\n\n<p class=\"has-text-align-center\"><strong>Informationen und Kontakt<\/strong>:<\/p>\n\n\n\n<p class=\"has-text-align-center\">0474\/550399<\/p>\n\n\n\n<p><div class=\"wpforms-container wpforms-container-full\" id=\"wpforms-63\"><form id=\"wpforms-form-63\" class=\"wpforms-validate wpforms-form wpforms-ajax-form\" data-formid=\"63\" method=\"post\" enctype=\"multipart\/form-data\" action=\"\/it\/wp-json\/wp\/v2\/pages\/323\" data-token=\"b5eb0c08b810a96372de061b0180deb9\" data-token-time=\"1776404066\"><noscript class=\"wpforms-error-noscript\">Abilita JavaScript nel browser per completare questo modulo.<\/noscript><div class=\"wpforms-field-container\"><div id=\"wpforms-63-field_0-container\" class=\"wpforms-field wpforms-field-name\" data-field-id=\"0\"><label class=\"wpforms-field-label\">Name <span class=\"wpforms-required-label\">*<\/span><\/label><div class=\"wpforms-field-row wpforms-field-medium\"><div class=\"wpforms-field-row-block wpforms-first wpforms-one-half\"><input type=\"text\" id=\"wpforms-63-field_0\" class=\"wpforms-field-name-first wpforms-field-required\" name=\"wpforms[fields][0][first]\" required><label for=\"wpforms-63-field_0\" class=\"wpforms-field-sublabel after\">Nome<\/label><\/div><div class=\"wpforms-field-row-block wpforms-one-half\"><input type=\"text\" id=\"wpforms-63-field_0-last\" class=\"wpforms-field-name-last wpforms-field-required\" name=\"wpforms[fields][0][last]\" required><label for=\"wpforms-63-field_0-last\" class=\"wpforms-field-sublabel after\">Cognome<\/label><\/div><\/div><\/div><div id=\"wpforms-63-field_1-container\" class=\"wpforms-field wpforms-field-email\" data-field-id=\"1\"><label class=\"wpforms-field-label\" for=\"wpforms-63-field_1\">E-Mail-Adresse <span class=\"wpforms-required-label\">*<\/span><\/label><input type=\"email\" id=\"wpforms-63-field_1\" class=\"wpforms-field-medium wpforms-field-required\" name=\"wpforms[fields][1]\" spellcheck=\"false\" required><\/div><div id=\"wpforms-63-field_5-container\" class=\"wpforms-field wpforms-field-radio\" data-field-id=\"5\"><label class=\"wpforms-field-label\">Bauvorhaben <\/label><ul id=\"wpforms-63-field_5\"><li class=\"choice-2 depth-1\"><input type=\"radio\" id=\"wpforms-63-field_5_2\" name=\"wpforms[fields][5]\" value=\"Ehrenburg \"  ><label class=\"wpforms-field-label-inline\" for=\"wpforms-63-field_5_2\">Ehrenburg<\/label><\/li><li class=\"choice-7 depth-1\"><input type=\"radio\" id=\"wpforms-63-field_5_7\" name=\"wpforms[fields][5]\" value=\"Percha\"  ><label class=\"wpforms-field-label-inline\" for=\"wpforms-63-field_5_7\">Percha<\/label><\/li><li class=\"choice-5 depth-1\"><input type=\"radio\" id=\"wpforms-63-field_5_5\" name=\"wpforms[fields][5]\" value=\"Anderes\"  ><label class=\"wpforms-field-label-inline\" for=\"wpforms-63-field_5_5\">Anderes<\/label><\/li><\/ul><\/div><div id=\"wpforms-63-field_6-container\" class=\"wpforms-field wpforms-field-textarea\" data-field-id=\"6\"><label class=\"wpforms-field-label\" for=\"wpforms-63-field_6\">Anfrage <\/label><textarea id=\"wpforms-63-field_6\" class=\"wpforms-field-medium\" name=\"wpforms[fields][6]\" ><\/textarea><\/div><div id=\"wpforms-63-field_7-container\" class=\"wpforms-field wpforms-field-checkbox\" data-field-id=\"7\"><label class=\"wpforms-field-label\">Privacy <span class=\"wpforms-required-label\">*<\/span><\/label><ul id=\"wpforms-63-field_7\" class=\"wpforms-field-required\"><li class=\"choice-1 depth-1\"><input type=\"checkbox\" id=\"wpforms-63-field_7_1\" name=\"wpforms[fields][7][]\" value=\"Ich akzeptiere, dass meine Daten verwendet werden um mir Informationen zum angefragten Bauvorhaben zu schicken.\" required ><label class=\"wpforms-field-label-inline\" for=\"wpforms-63-field_7_1\">Ich akzeptiere, dass meine Daten verwendet werden um mir Informationen zum angefragten Bauvorhaben zu schicken.<\/label><\/li><\/ul><\/div><\/div><!-- .wpforms-field-container --><div class=\"wpforms-field wpforms-field-hp\"><label for=\"wpforms-63-field-hp\" class=\"wpforms-field-label\">Email<\/label><input type=\"text\" name=\"wpforms[hp]\" id=\"wpforms-63-field-hp\" class=\"wpforms-field-medium\"><\/div><div class=\"wpforms-recaptcha-container wpforms-is-recaptcha wpforms-is-recaptcha-type-v3\" ><input type=\"hidden\" name=\"wpforms[recaptcha]\" value=\"\"><\/div><div class=\"wpforms-submit-container\" ><input type=\"hidden\" name=\"wpforms[id]\" value=\"63\"><input type=\"hidden\" name=\"page_title\" value=\"\"><input type=\"hidden\" name=\"page_url\" value=\"https:\/\/www.realitaeten-niederkofler.it\/it\/wp-json\/wp\/v2\/pages\/323\"><input type=\"hidden\" name=\"url_referer\" value=\"\"><button type=\"submit\" name=\"wpforms[submit]\" id=\"wpforms-submit-63\" class=\"wpforms-submit\" data-alt-text=\"Sende...\" data-submit-text=\"Senden\" aria-live=\"assertive\" value=\"wpforms-submit\">Senden<\/button><img loading=\"lazy\" decoding=\"async\" src=\"https:\/\/www.realitaeten-niederkofler.it\/wp-content\/plugins\/wpforms-lite\/assets\/images\/submit-spin.svg\" class=\"wpforms-submit-spinner\" style=\"display: none;\" width=\"26\" height=\"26\" alt=\"Caricamento\"><\/div><\/form><\/div>  <!-- .wpforms-container --><div class=\"sfsi_widget sfsi_shortcode_container\"><div class=\"norm_row sfsi_wDiv \"  style=\"width:225px;text-align:left;\"><div style='width:40px; height:40px;margin-left:5px;margin-bottom:5px; ' class='sfsi_wicons shuffeldiv ' ><div class='inerCnt'><a class=' sficn' data-effect='' target='_blank'  href='http:\/\/www.facebook.com\/realitaeten.niederkofler' id='sfsiid_facebook_icon' style='width:40px;height:40px;opacity:1;'  ><img data-pin-nopin='true' alt='Facebook' title='Facebook' src='https:\/\/www.realitaeten-niederkofler.it\/wp-content\/plugins\/ultimate-social-media-icons\/images\/icons_theme\/default\/default_facebook.png' width='40' height='40' style='' class='sfcm sfsi_wicon ' data-effect=''   \/><\/a><\/div><\/div><div style='width:40px; height:40px;margin-left:5px;margin-bottom:5px; ' class='sfsi_wicons shuffeldiv ' ><div class='inerCnt'><a class=' sficn' data-effect='' target='_blank'  href='http:\/\/Instagram.com\/realitaeten.niederkofler' id='sfsiid_instagram_icon' style='width:40px;height:40px;opacity:1;'  ><img data-pin-nopin='true' alt='Instagram' title='Instagram' src='https:\/\/www.realitaeten-niederkofler.it\/wp-content\/plugins\/ultimate-social-media-icons\/images\/icons_theme\/default\/default_instagram.png' width='40' height='40' style='' class='sfcm sfsi_wicon ' data-effect=''   \/><\/a><\/div><\/div><\/div ><div id=\"sfsi_holder\" class=\"sfsi_holders\" style=\"position: relative; float: left;width:100%;z-index:-1;\"><\/div ><script>window.addEventListener(\"sfsi_functions_loaded\", function()\n\t\t\t{\n\t\t\t\tif (typeof sfsi_widget_set == \"function\") {\n\t\t\t\t\tsfsi_widget_set();\n\t\t\t\t}\n\t\t\t}); <\/script><div style=\"clear: both;\"><\/div><\/div><\/p>\n","protected":false},"excerpt":{"rendered":"<p>In diesem wundersch\u00f6nen Dorf im Gr\u00f6dnertal enstand dieses neue Kondominium mit einem gro\u00dfartigen Ausblick auf das Tal. Es entsteht in Zusammenarbeit mit dem Architekturb\u00fcro Niederkofler &amp; Pobitzer und der B. Pobitzer GmbH. Die Wohnungen wurden alle verkauft und wir freuen uns diese 2023 den neuen Eigent\u00fcmern zu \u00fcbergeben. Sollten Sie an einer Immobilie in Ehrenburg [&hellip;]<\/p>\n","protected":false},"author":1,"featured_media":0,"parent":0,"menu_order":0,"comment_status":"closed","ping_status":"closed","template":"","meta":{"footnotes":""},"class_list":["post-323","page","type-page","status-publish","hentry","missing-thumbnail"],"jetpack_sharing_enabled":true,"jetpack_shortlink":"https:\/\/wp.me\/Pa25xa-5d","_links":{"self":[{"href":"https:\/\/www.realitaeten-niederkofler.it\/it\/wp-json\/wp\/v2\/pages\/323","targetHints":{"allow":["GET"]}}],"collection":[{"href":"https:\/\/www.realitaeten-niederkofler.it\/it\/wp-json\/wp\/v2\/pages"}],"about":[{"href":"https:\/\/www.realitaeten-niederkofler.it\/it\/wp-json\/wp\/v2\/types\/page"}],"author":[{"embeddable":true,"href":"https:\/\/www.realitaeten-niederkofler.it\/it\/wp-json\/wp\/v2\/users\/1"}],"replies":[{"embeddable":true,"href":"https:\/\/www.realitaeten-niederkofler.it\/it\/wp-json\/wp\/v2\/comments?post=323"}],"version-history":[{"count":12,"href":"https:\/\/www.realitaeten-niederkofler.it\/it\/wp-json\/wp\/v2\/pages\/323\/revisions"}],"predecessor-version":[{"id":1195,"href":"https:\/\/www.realitaeten-niederkofler.it\/it\/wp-json\/wp\/v2\/pages\/323\/revisions\/1195"}],"wp:attachment":[{"href":"https:\/\/www.realitaeten-niederkofler.it\/it\/wp-json\/wp\/v2\/media?parent=323"}],"curies":[{"name":"wp","href":"https:\/\/api.w.org\/{rel}","templated":true}]}}