{"id":26,"date":"2018-06-19T08:55:09","date_gmt":"2018-06-19T08:55:09","guid":{"rendered":"http:\/\/www.realitaeten-niederkofler.it\/?page_id=26"},"modified":"2025-04-24T11:50:14","modified_gmt":"2025-04-24T11:50:14","slug":"bauvorhaben-ehrenburg","status":"publish","type":"page","link":"https:\/\/www.realitaeten-niederkofler.it\/it\/bauvorhaben-ehrenburg\/","title":{"rendered":"Progetto Casteldarne"},"content":{"rendered":"<p>In una zona abitativa di Casteldarne \u00e8 stato costruito questo bellissimo condominio con 8 unit\u00e0.<\/p>\n\n\n\n<p>In collaborazione con il studio <a style=\"font-size: inherit;\" href=\"http:\/\/www.niederkofler-pobitzer.com\/bauvorhaben-ehrenburg\/\">di Architettura Niederkofler &amp; Pobitzer<\/a><span style=\"font-size: inherit; color: initial;\">.<\/span><\/p>\n\n\n\n<p class=\"has-text-align-center\">Gli appartamenti sono stati consegnati ai compratori<\/p>\n\n\n\n<figure class=\"wp-block-gallery has-nested-images columns-3 is-cropped wp-block-gallery-1 is-layout-flex wp-block-gallery-is-layout-flex\">\n<figure class=\"wp-block-image size-large\"><a href=\"https:\/\/www.realitaeten-niederkofler.it\/it\/bauvorhaben-ehrenburg\/be78216a-cf46-4507-af2b-6db173f428b7\/\"><img loading=\"lazy\" decoding=\"async\" width=\"1024\" height=\"682\" data-id=\"816\" src=\"https:\/\/www.realitaeten-niederkofler.it\/wp-content\/uploads\/2021\/11\/BE78216A-CF46-4507-AF2B-6DB173F428B7-1024x682.jpeg\" alt=\"\" class=\"wp-image-816\" srcset=\"https:\/\/www.realitaeten-niederkofler.it\/wp-content\/uploads\/2021\/11\/BE78216A-CF46-4507-AF2B-6DB173F428B7-1024x682.jpeg 1024w, https:\/\/www.realitaeten-niederkofler.it\/wp-content\/uploads\/2021\/11\/BE78216A-CF46-4507-AF2B-6DB173F428B7-300x200.jpeg 300w, https:\/\/www.realitaeten-niederkofler.it\/wp-content\/uploads\/2021\/11\/BE78216A-CF46-4507-AF2B-6DB173F428B7-768x512.jpeg 768w, https:\/\/www.realitaeten-niederkofler.it\/wp-content\/uploads\/2021\/11\/BE78216A-CF46-4507-AF2B-6DB173F428B7-18x12.jpeg 18w, https:\/\/www.realitaeten-niederkofler.it\/wp-content\/uploads\/2021\/11\/BE78216A-CF46-4507-AF2B-6DB173F428B7-1200x800.jpeg 1200w, https:\/\/www.realitaeten-niederkofler.it\/wp-content\/uploads\/2021\/11\/BE78216A-CF46-4507-AF2B-6DB173F428B7.jpeg 1280w\" sizes=\"auto, (max-width: 1024px) 100vw, 1024px\" \/><\/a><\/figure>\n\n\n\n<figure class=\"wp-block-image size-large\"><a href=\"https:\/\/www.realitaeten-niederkofler.it\/it\/bauvorhaben-ehrenburg\/e74a5b7f-5947-4098-b4b6-9a1e20010340\/\"><img loading=\"lazy\" decoding=\"async\" width=\"1024\" height=\"767\" data-id=\"817\" src=\"https:\/\/www.realitaeten-niederkofler.it\/wp-content\/uploads\/2021\/11\/E74A5B7F-5947-4098-B4B6-9A1E20010340-1024x767.jpeg\" alt=\"\" class=\"wp-image-817\" srcset=\"https:\/\/www.realitaeten-niederkofler.it\/wp-content\/uploads\/2021\/11\/E74A5B7F-5947-4098-B4B6-9A1E20010340-1024x767.jpeg 1024w, https:\/\/www.realitaeten-niederkofler.it\/wp-content\/uploads\/2021\/11\/E74A5B7F-5947-4098-B4B6-9A1E20010340-300x225.jpeg 300w, https:\/\/www.realitaeten-niederkofler.it\/wp-content\/uploads\/2021\/11\/E74A5B7F-5947-4098-B4B6-9A1E20010340-768x575.jpeg 768w, https:\/\/www.realitaeten-niederkofler.it\/wp-content\/uploads\/2021\/11\/E74A5B7F-5947-4098-B4B6-9A1E20010340-16x12.jpeg 16w, https:\/\/www.realitaeten-niederkofler.it\/wp-content\/uploads\/2021\/11\/E74A5B7F-5947-4098-B4B6-9A1E20010340-1200x899.jpeg 1200w, https:\/\/www.realitaeten-niederkofler.it\/wp-content\/uploads\/2021\/11\/E74A5B7F-5947-4098-B4B6-9A1E20010340.jpeg 1280w\" sizes=\"auto, (max-width: 1024px) 100vw, 1024px\" \/><\/a><\/figure>\n\n\n\n<figure class=\"wp-block-image size-large\"><a href=\"https:\/\/www.realitaeten-niederkofler.it\/it\/bauvorhaben-ehrenburg\/7e1571fa-5a46-473d-b146-57fe82c03943\/\"><img loading=\"lazy\" decoding=\"async\" width=\"1024\" height=\"766\" data-id=\"818\" src=\"https:\/\/www.realitaeten-niederkofler.it\/wp-content\/uploads\/2021\/11\/7E1571FA-5A46-473D-B146-57FE82C03943-1024x766.jpeg\" alt=\"\" class=\"wp-image-818\" srcset=\"https:\/\/www.realitaeten-niederkofler.it\/wp-content\/uploads\/2021\/11\/7E1571FA-5A46-473D-B146-57FE82C03943-1024x766.jpeg 1024w, https:\/\/www.realitaeten-niederkofler.it\/wp-content\/uploads\/2021\/11\/7E1571FA-5A46-473D-B146-57FE82C03943-300x225.jpeg 300w, https:\/\/www.realitaeten-niederkofler.it\/wp-content\/uploads\/2021\/11\/7E1571FA-5A46-473D-B146-57FE82C03943-768x575.jpeg 768w, https:\/\/www.realitaeten-niederkofler.it\/wp-content\/uploads\/2021\/11\/7E1571FA-5A46-473D-B146-57FE82C03943-16x12.jpeg 16w, https:\/\/www.realitaeten-niederkofler.it\/wp-content\/uploads\/2021\/11\/7E1571FA-5A46-473D-B146-57FE82C03943-1200x898.jpeg 1200w, https:\/\/www.realitaeten-niederkofler.it\/wp-content\/uploads\/2021\/11\/7E1571FA-5A46-473D-B146-57FE82C03943.jpeg 1280w\" sizes=\"auto, (max-width: 1024px) 100vw, 1024px\" \/><\/a><\/figure>\n\n\n\n<figure class=\"wp-block-image size-large\"><a href=\"https:\/\/www.realitaeten-niederkofler.it\/it\/bauvorhaben-ehrenburg\/99f3f6e8-7528-4afb-b668-f36004a83a11\/\"><img loading=\"lazy\" decoding=\"async\" width=\"1024\" height=\"766\" data-id=\"819\" src=\"https:\/\/www.realitaeten-niederkofler.it\/wp-content\/uploads\/2021\/11\/99F3F6E8-7528-4AFB-B668-F36004A83A11-1024x766.jpeg\" alt=\"\" class=\"wp-image-819\" srcset=\"https:\/\/www.realitaeten-niederkofler.it\/wp-content\/uploads\/2021\/11\/99F3F6E8-7528-4AFB-B668-F36004A83A11-1024x766.jpeg 1024w, https:\/\/www.realitaeten-niederkofler.it\/wp-content\/uploads\/2021\/11\/99F3F6E8-7528-4AFB-B668-F36004A83A11-300x225.jpeg 300w, https:\/\/www.realitaeten-niederkofler.it\/wp-content\/uploads\/2021\/11\/99F3F6E8-7528-4AFB-B668-F36004A83A11-768x575.jpeg 768w, https:\/\/www.realitaeten-niederkofler.it\/wp-content\/uploads\/2021\/11\/99F3F6E8-7528-4AFB-B668-F36004A83A11-16x12.jpeg 16w, https:\/\/www.realitaeten-niederkofler.it\/wp-content\/uploads\/2021\/11\/99F3F6E8-7528-4AFB-B668-F36004A83A11-1200x898.jpeg 1200w, https:\/\/www.realitaeten-niederkofler.it\/wp-content\/uploads\/2021\/11\/99F3F6E8-7528-4AFB-B668-F36004A83A11.jpeg 1280w\" sizes=\"auto, (max-width: 1024px) 100vw, 1024px\" \/><\/a><\/figure>\n\n\n\n<figure class=\"wp-block-image size-large\"><a href=\"https:\/\/www.realitaeten-niederkofler.it\/it\/bauvorhaben-ehrenburg\/66a7206f-13c7-4822-b487-d6fd3cbc4628\/\"><img loading=\"lazy\" decoding=\"async\" width=\"1024\" height=\"766\" data-id=\"820\" src=\"https:\/\/www.realitaeten-niederkofler.it\/wp-content\/uploads\/2021\/11\/66A7206F-13C7-4822-B487-D6FD3CBC4628-1024x766.jpeg\" alt=\"\" class=\"wp-image-820\" srcset=\"https:\/\/www.realitaeten-niederkofler.it\/wp-content\/uploads\/2021\/11\/66A7206F-13C7-4822-B487-D6FD3CBC4628-1024x766.jpeg 1024w, https:\/\/www.realitaeten-niederkofler.it\/wp-content\/uploads\/2021\/11\/66A7206F-13C7-4822-B487-D6FD3CBC4628-300x225.jpeg 300w, https:\/\/www.realitaeten-niederkofler.it\/wp-content\/uploads\/2021\/11\/66A7206F-13C7-4822-B487-D6FD3CBC4628-768x575.jpeg 768w, https:\/\/www.realitaeten-niederkofler.it\/wp-content\/uploads\/2021\/11\/66A7206F-13C7-4822-B487-D6FD3CBC4628-16x12.jpeg 16w, https:\/\/www.realitaeten-niederkofler.it\/wp-content\/uploads\/2021\/11\/66A7206F-13C7-4822-B487-D6FD3CBC4628-1200x898.jpeg 1200w, https:\/\/www.realitaeten-niederkofler.it\/wp-content\/uploads\/2021\/11\/66A7206F-13C7-4822-B487-D6FD3CBC4628.jpeg 1280w\" sizes=\"auto, (max-width: 1024px) 100vw, 1024px\" \/><\/a><\/figure>\n<\/figure>\n\n\n\n<div class=\"sfsi_widget sfsi_shortcode_container\"><div class=\"norm_row sfsi_wDiv\"  style=\"width:225px;text-align:left;\"><div style='width:40px; height:40px;margin-left:5px;margin-bottom:5px; ' class='sfsi_wicons shuffeldiv' ><div class='inerCnt'><a class='sficn' data-effect='' target='_blank'  href='http:\/\/www.facebook.com\/realitaeten.niederkofler' id='sfsiid_facebook_icon' style='width:40px;height:40px;opacity:1;'  ><img data-pin-nopin='true' alt='Facebook' title='Facebook' src='https:\/\/www.realitaeten-niederkofler.it\/wp-content\/plugins\/ultimate-social-media-icons\/images\/icons_theme\/default\/default_facebook.png' width='40' height='40' style='' class='sfcm sfsi_wicon' data-effect=''   \/><\/a><\/div><\/div><div style='width:40px; height:40px;margin-left:5px;margin-bottom:5px; ' class='sfsi_wicons shuffeldiv' ><div class='inerCnt'><a class='sficn' data-effect='' target='_blank'  href='http:\/\/Instagram.com\/realitaeten.niederkofler' id='sfsiid_instagram_icon' style='width:40px;height:40px;opacity:1;'  ><img data-pin-nopin='true' alt='Instagram' title='Instagram' src='https:\/\/www.realitaeten-niederkofler.it\/wp-content\/plugins\/ultimate-social-media-icons\/images\/icons_theme\/default\/default_instagram.png' width='40' height='40' style='' class='sfcm sfsi_wicon' data-effect=''   \/><\/a><\/div><\/div><\/div><div id=\"sfsi_holder\" class=\"sfsi_holders\" style=\"position: relative; float: left;width:100%;z-index:-1;\"><\/div><script>window.addEventListener(\"sfsi_functions_loaded\", function()\n\t\t\t{\n\t\t\t\tif (typeof sfsi_widget_set == \"function\") {\n\t\t\t\t\tsfsi_widget_set();\n\t\t\t\t}\n\t\t\t}); <\/script><div style=\"clear: both;\"><\/div><\/div>\n\n\n\n\n\n<p class=\"has-text-align-center\"><\/p>","protected":false},"excerpt":{"rendered":"<p>In einer ruhigen Wohnbauzone von Ehrenburg entstand dieses moderne Mehrfamilienhaus mit 8 Einheiten. In Zusammenarbeit mit dem Architekturb\u00fcro Niederkofler &amp; Pobitzer. Die Wohnungen wurden an ihre K\u00e4ufer \u00fcbergeben.<\/p>","protected":false},"author":1,"featured_media":1278,"parent":0,"menu_order":0,"comment_status":"closed","ping_status":"closed","template":"","meta":{"footnotes":""},"class_list":["post-26","page","type-page","status-publish","has-post-thumbnail","hentry","has-thumbnail"],"jetpack_sharing_enabled":true,"jetpack_shortlink":"https:\/\/wp.me\/Pa25xa-q","_links":{"self":[{"href":"https:\/\/www.realitaeten-niederkofler.it\/it\/wp-json\/wp\/v2\/pages\/26","targetHints":{"allow":["GET"]}}],"collection":[{"href":"https:\/\/www.realitaeten-niederkofler.it\/it\/wp-json\/wp\/v2\/pages"}],"about":[{"href":"https:\/\/www.realitaeten-niederkofler.it\/it\/wp-json\/wp\/v2\/types\/page"}],"author":[{"embeddable":true,"href":"https:\/\/www.realitaeten-niederkofler.it\/it\/wp-json\/wp\/v2\/users\/1"}],"replies":[{"embeddable":true,"href":"https:\/\/www.realitaeten-niederkofler.it\/it\/wp-json\/wp\/v2\/comments?post=26"}],"version-history":[{"count":18,"href":"https:\/\/www.realitaeten-niederkofler.it\/it\/wp-json\/wp\/v2\/pages\/26\/revisions"}],"predecessor-version":[{"id":1279,"href":"https:\/\/www.realitaeten-niederkofler.it\/it\/wp-json\/wp\/v2\/pages\/26\/revisions\/1279"}],"wp:featuredmedia":[{"embeddable":true,"href":"https:\/\/www.realitaeten-niederkofler.it\/it\/wp-json\/wp\/v2\/media\/1278"}],"wp:attachment":[{"href":"https:\/\/www.realitaeten-niederkofler.it\/it\/wp-json\/wp\/v2\/media?parent=26"}],"curies":[{"name":"wp","href":"https:\/\/api.w.org\/{rel}","templated":true}]}}