{"id":1357,"date":"2026-01-20T10:43:42","date_gmt":"2026-01-20T10:43:42","guid":{"rendered":"https:\/\/www.realitaeten-niederkofler.it\/?page_id=1357"},"modified":"2026-01-20T10:44:26","modified_gmt":"2026-01-20T10:44:26","slug":"beitraege-foerderungen","status":"publish","type":"page","link":"https:\/\/www.realitaeten-niederkofler.it\/it\/beitraege-foerderungen\/","title":{"rendered":"Beitr\u00e4ge F\u00f6rderungen"},"content":{"rendered":"<p>Es wird darauf hingewiesen, dass die Gesellschaft folgende Beitr\u00e4ge und wirtschaftliche Zuwendungen von \u00f6ffentlichen K\u00f6rperschaften erhalten hat, die im Jahr 2025 ausgezahlt worden sind.<\/p>\n\n\n\n<figure class=\"wp-block-table\"><table class=\"has-fixed-layout\"><tbody><tr><td>Name der auszahlenden K\u00f6rperschaft<\/td><td>Betrag der Zuwendung<\/td><td>Datum des Erhalts<\/td><td>kurze Beschreibung<\/td><\/tr><tr><td><strong>Landesagentur f\u00fcr Umwelt und Klimaschutz Amt f\u00fcr Energie und Klimaschutz<br>Autonome Provinz Bozen <\/strong><\/td><td><strong>13.167,00<\/strong><\/td><td><strong>31.03.2025<\/strong><\/td><td><strong>Beitrag Energieeinsparung<\/strong><\/td><\/tr><\/tbody><\/table><\/figure>","protected":false},"excerpt":{"rendered":"<p>Es wird darauf hingewiesen, dass die Gesellschaft folgende Beitr\u00e4ge und wirtschaftliche Zuwendungen von \u00f6ffentlichen K\u00f6rperschaften erhalten hat, die im Jahr 2025 ausgezahlt worden sind. Name der auszahlenden K\u00f6rperschaft Betrag der Zuwendung Datum des Erhalts kurze Beschreibung Landesagentur f\u00fcr Umwelt und Klimaschutz Amt f\u00fcr Energie und KlimaschutzAutonome Provinz Bozen 13.167,00 31.03.2025 Beitrag Energieeinsparung<\/p>","protected":false},"author":1,"featured_media":0,"parent":0,"menu_order":0,"comment_status":"closed","ping_status":"closed","template":"","meta":{"footnotes":""},"class_list":["post-1357","page","type-page","status-publish","hentry","missing-thumbnail"],"jetpack_sharing_enabled":true,"jetpack_shortlink":"https:\/\/wp.me\/Pa25xa-lT","_links":{"self":[{"href":"https:\/\/www.realitaeten-niederkofler.it\/it\/wp-json\/wp\/v2\/pages\/1357","targetHints":{"allow":["GET"]}}],"collection":[{"href":"https:\/\/www.realitaeten-niederkofler.it\/it\/wp-json\/wp\/v2\/pages"}],"about":[{"href":"https:\/\/www.realitaeten-niederkofler.it\/it\/wp-json\/wp\/v2\/types\/page"}],"author":[{"embeddable":true,"href":"https:\/\/www.realitaeten-niederkofler.it\/it\/wp-json\/wp\/v2\/users\/1"}],"replies":[{"embeddable":true,"href":"https:\/\/www.realitaeten-niederkofler.it\/it\/wp-json\/wp\/v2\/comments?post=1357"}],"version-history":[{"count":2,"href":"https:\/\/www.realitaeten-niederkofler.it\/it\/wp-json\/wp\/v2\/pages\/1357\/revisions"}],"predecessor-version":[{"id":1359,"href":"https:\/\/www.realitaeten-niederkofler.it\/it\/wp-json\/wp\/v2\/pages\/1357\/revisions\/1359"}],"wp:attachment":[{"href":"https:\/\/www.realitaeten-niederkofler.it\/it\/wp-json\/wp\/v2\/media?parent=1357"}],"curies":[{"name":"wp","href":"https:\/\/api.w.org\/{rel}","templated":true}]}}